{"id":1151,"date":"2025-03-11T09:09:48","date_gmt":"2025-03-11T07:09:48","guid":{"rendered":"http:\/\/kaksik.ee\/?page_id=1151"},"modified":"2026-04-07T07:04:42","modified_gmt":"2026-04-07T04:04:42","slug":"kasutusvalmis-e-oppematerjal","status":"publish","type":"page","link":"https:\/\/kaksik.ee\/en\/kasutusvalmis-e-oppematerjal\/","title":{"rendered":"Ready-to-use e-learning material"},"content":{"rendered":"<div class=\"brz brz-root__container brz-reset-all brz-root__container-page\">\n<section id=\"nkeCsRg_eK8A_nkeCsRg_eK8A\" class=\"brz-section brz-css-d-section brz-css-10bx1eb\">\n<div class=\"brz-section__content brz-section--boxed brz-css-d-sectionitem-bg brz-css-1khmuc5\" data-brz-custom-id=\"vQm3PkzwxUTT\">\n<div class=\"brz-bg\">\n<div class=\"brz-bg-image\"><\/div>\n<div class=\"brz-bg-color\"><\/div>\n<\/div>\n<div class=\"brz-container brz-css-d-sectionitem-container brz-css-1eb2hcj\">\n<div class=\"brz-row__container brz-css-d-row-row brz-css-9b8ibw\" data-brz-custom-id=\"qfMo8iD0wgsZ\">\n<div class=\"brz-row brz-css-d-row-container brz-css-r-row-container brz-css-12i8rwk\">\n<div class=\"brz-columns brz-css-d-column-column brz-css-1p9cxe5\" data-brz-custom-id=\"elwlr3uDIo8D\">\n<div class=\"brz-column__items brz-css-d-column-bg brz-css-1bzg87\">\n<div class=\"brz-wrapper-clone brz-flex-xs-wrap brz-css-d-cloneable brz-css-10v5kxh\" data-brz-custom-id=\"wA97bukLY4Cj\">\n<div class=\"brz-icon__container\" data-brz-custom-id=\"z4qM5LkQBGrM\"><span class=\"brz-icon brz-span brz-css-d-icon-icon brz-css-1ozu28i\"><\/span><\/div>\n<\/div>\n<\/div>\n<\/div>\n<div class=\"brz-columns brz-css-d-column-column brz-css-1wnlqdl\" data-brz-custom-id=\"q5dzv1ht3M4Y\">\n<div class=\"brz-column__items brz-css-d-column-bg brz-css-1van6ot\">\n<div id=\"\" class=\"brz-css-d-wrapper brz-css-17sd95z brz-wrapper\">\n<div class=\"brz-rich-text brz-rich-text__custom brz-css-d-richtext brz-css-1m2c3rz\" data-brz-custom-id=\"lM8HCKVC2N9e\">\n<div data-brz-translate-text=\"1\">\n<h1 class=\"brz-text-xs-left brz-text-lg-justify brz-tp-lg-heading1 brz-css-kfUDG\" data-generated-css=\"brz-css-w6lWZ\" data-uniq-id=\"hQQ23\">Ready-to-use e-learning material<\/h1>\n<\/div>\n<\/div>\n<\/div>\n<\/div>\n<\/div>\n<\/div>\n<\/div>\n<div id=\"\" class=\"brz-css-d-wrapper brz-css-1hkxjhr brz-wrapper\">\n<div class=\"brz-rich-text brz-rich-text__custom brz-css-d-richtext brz-css-15rl0i6\" data-brz-custom-id=\"pT9hdgEskVsb\">\n<div data-brz-translate-text=\"1\">\n<p class=\"brz-text-lg-center brz-tp-lg-paragraph brz-css-kgYl1\" data-uniq-id=\"vKvct\" data-generated-css=\"brz-css-euQEa\"><span class=\"brz-cp-color2\">Ready-to-use e-learning materials are a cost-effective and quick way to train employees. Can be used in a learning management system or separately. <\/span><\/p>\n<p class=\"brz-text-lg-center brz-tp-lg-paragraph brz-css-snvP4\" data-uniq-id=\"vKvct\" data-generated-css=\"brz-css-euQEa\"><span class=\"brz-cp-color2\"> <\/span><span class=\"brz-cp-color2\">Training courses can also be localized into other languages \u200b\u200bor their content can be adapted.  <\/span><\/p>\n<p class=\"brz-text-lg-center brz-tp-lg-paragraph brz-css-ikRZe\" data-uniq-id=\"dauen\" data-generated-css=\"brz-css-zagnN\"><span class=\"brz-cp-color2\">The prices listed are valid for one viewing spot. Would you like more viewing spots? Please contact me for a proposal: <\/span><span class=\"brz-cp-color2 brz-span\">stanislav<\/span><span class=\"brz-cp-color2 brz-pre-population-visible brz-span\">@kaksik.ee<\/span><\/p>\n<\/div>\n<\/div>\n<\/div>\n<div id=\"\" class=\"brz-css-d-wrapper brz-css-179s55f brz-wrapper\">\n<div class=\"brz-rich-text brz-rich-text__custom brz-css-d-richtext brz-css-2fkvwf\" data-brz-custom-id=\"a8ADpnyybsdD\">\n<div data-brz-translate-text=\"1\">\n<p data-uniq-id=\"sWdJm\" data-generated-css=\"brz-css-en1Tw\" class=\"brz-tp-lg-heading2 brz-bcp-color7 brz-text-lg-center brz-css-bC9u_\"><span class=\"brz-cp-color7\">Training videos<\/span><\/p>\n<\/div>\n<\/div>\n<\/div>\n<div class=\"brz-row__container brz-css-d-row-row brz-css-c9nriu\" data-brz-custom-id=\"ht7zUJwPeMmK\">\n<div class=\"brz-row brz-css-d-row-container brz-css-r-row-container brz-css-1tvwmdv\">\n<div class=\"brz-columns brz-css-d-column-column brz-css-iflisr\" data-brz-custom-id=\"oSHbapNmURXQ\">\n<div class=\"brz-bg\">\n<div class=\"brz-bg-color\"><\/div>\n<\/div>\n<div class=\"brz-column__items brz-css-d-column-bg brz-css-1an1lun\">\n<div class=\"brz-row__container brz-css-d-row-row brz-css-bswix8\" data-brz-custom-id=\"diPZzsoM4uTA\">\n<div class=\"brz-row brz-row--inner brz-css-d-row-container brz-css-r-row-container brz-css-5shge5\">\n<div class=\"brz-columns brz-css-d-column-column brz-css-mxv1yi\" data-brz-custom-id=\"xfvRwYi4ydxO\">\n<div class=\"brz-bg\"><\/div>\n<div class=\"brz-column__items brz-css-d-column-bg brz-css-17i4ti\">\n<div id=\"\" class=\"brz-css-d-wrapper brz-css-arimep brz-wrapper\">\n<div class=\"brz-rich-text brz-rich-text__custom brz-css-d-richtext brz-css-h8cms0\" data-brz-custom-id=\"yddWZoPdvyLO\">\n<div data-brz-translate-text=\"1\">\n<p class=\"brz-text-lg-center brz-tp-lg-heading5 brz-css-uiP4E\" data-generated-css=\"brz-css-c9fnZ\" data-uniq-id=\"oGxN9\"><strong class=\"brz-cp-color3\" style=\"opacity: 1\">Workplace violence, bullying, and discrimination<\/strong><\/p>\n<\/div>\n<\/div>\n<\/div>\n<div id=\"\" class=\"brz-css-d-wrapper brz-css-1h4fxw8 brz-wrapper\">\n<div class=\"brz-video brz-custom-video brz-video-on-controls-hidden brz-css-d-video brz-css-11s0ut8\" data-brz-custom-id=\"uR7mdlDp5Fyf\">\n<div class=\"brz-video-content\" data-loop=\"false\" data-muted=\"true\" data-autoplay=\"off\">\n<div class=\"video-wrapper brz-image-fix-16-9\">\n<div class=\"brz-video__cover\">\n<div class=\"brz-video__cover-icon\"><span class=\"brz-span\"><\/span><\/div>\n<\/div>\n<\/div>\n<div class=\"brz-video-elem\">\n<div class=\"brz-video-custom-video-controls\">\n<div class=\"brz-video-custom-play-pause-btn\"><\/div>\n<div class=\"brz-video-custom-controls\"><span class=\"brz-video-custom-current-time\">0:00<\/span><\/p>\n<div class=\"brz-video-custom-slider\">\n<div class=\"brz-video-custom-progress\"><\/div>\n<\/div>\n<p><span class=\"brz-video-custom-total-time\">0:00<\/span><\/div>\n<div class=\"brz-video-custom-volume\">\n<div class=\"brz-video-custom-fullscreen-btn\"><\/div>\n<div class=\"brz-video-custom-volume-btn\"><\/div>\n<div class=\"brz-video-custom-volume-controls brz-video-custom-slider\">\n<div class=\"brz-video-custom-progress\"><\/div>\n<\/div>\n<\/div>\n<\/div>\n<p><video data-time-start=\"0\" data-time-end=\"0\" class=\"brz-hidden intrinsic-ignore\" preload=\"none\" muted=\"\" data-autoplay=\"off\" src=\"http:\/\/kaksik.ee\/wp-content\/uploads\/2025\/02\/Toovagivald_2ik_koolitus_videokoolitus_naide.webm\" playsinline=\"\"><\/video><\/div>\n<\/div>\n<\/div>\n<\/div>\n<div id=\"\" class=\"brz-css-d-wrapper brz-css-tsqav2 brz-wrapper\">\n<div class=\"brz-rich-text brz-rich-text__custom brz-css-d-richtext brz-css-1yo9llw\" data-brz-custom-id=\"fd7BKRpTXZ9T\">\n<div data-brz-translate-text=\"1\">\n<p class=\"brz-tp-lg-paragraph brz-text-lg-center brz-css-gDsYu\" data-generated-css=\"brz-css-xy0cn\" data-uniq-id=\"egep6\"><strong>In Estonian and Russian<\/strong><\/p>\n<\/div>\n<\/div>\n<\/div>\n<div id=\"\" class=\"brz-css-d-wrapper brz-css-1ca04tv brz-wrapper\">\n<div class=\"brz-rich-text brz-rich-text__custom brz-css-d-richtext brz-css-vsxd57\" data-brz-custom-id=\"gcyBWKG3E6TH\">\n<div data-brz-translate-text=\"1\">\n<ul>\n<li class=\"brz-tp-lg-paragraph brz-text-lg-left brz-css-aebLu\" data-uniq-id=\"hWcZv\" data-generated-css=\"brz-css-yMyDk\">Definitions of workplace violence, harassment and discrimination<\/li>\n<li class=\"brz-tp-lg-paragraph brz-text-lg-left brz-css-n2acU\" data-uniq-id=\"sMEJ2\" data-generated-css=\"brz-css-fBE9g\">Different levels of disclosure within an organization<\/li>\n<li class=\"brz-tp-lg-paragraph brz-text-lg-left brz-css-u7IfJ\" data-uniq-id=\"utzMa\" data-generated-css=\"brz-css-t8X8S\">Forms of workplace violence<\/li>\n<li class=\"brz-tp-lg-paragraph brz-text-lg-left brz-css-iiVFd\" data-uniq-id=\"uG_mq\" data-generated-css=\"brz-css-xqa2h\">Forms of workplace bullying<\/li>\n<li class=\"brz-tp-lg-paragraph brz-text-lg-left brz-css-bfR3b\" data-uniq-id=\"b2FyV\" data-generated-css=\"brz-css-oYOG5\">Forms of discrimination<\/li>\n<li class=\"brz-tp-lg-paragraph brz-text-lg-left brz-css-qRjdt\" data-uniq-id=\"tpGKB\" data-generated-css=\"brz-css-bxIlK\">Impact (on individuals, work environment, organization)<\/li>\n<li class=\"brz-tp-lg-paragraph brz-text-lg-left brz-css-euttS\" data-uniq-id=\"yuY4C\" data-generated-css=\"brz-css-rcnBg\">Practical cases<\/li>\n<\/ul>\n<p class=\"brz-tp-lg-paragraph brz-text-lg-left brz-css-xATCd\" data-uniq-id=\"thQAF\" data-generated-css=\"brz-css-exUkG\"><\/p>\n<p class=\"brz-tp-lg-paragraph brz-text-lg-left brz-css-lgc8m\" data-uniq-id=\"thQAF\" data-generated-css=\"brz-css-exUkG\"><span>Format: .MP4 (can be adapted to SCORM \/ xAPI) <\/span> <\/p>\n<\/div>\n<\/div>\n<\/div>\n<div id=\"\" class=\"brz-css-d-wrapper brz-css-eo2peb brz-wrapper\">\n<div class=\"brz-rich-text brz-rich-text__custom brz-css-d-richtext brz-css-7n1qo3\" data-brz-custom-id=\"iNXe0I8aZe_A\">\n<div data-brz-translate-text=\"1\">\n<p data-uniq-id=\"uDx3b\" data-generated-css=\"brz-css-qPnez\" class=\"brz-tp-lg-paragraph brz-text-lg-center brz-css-keLe8\"><strong class=\"brz-cp-color7\">PRICE: 25+VAT <\/strong><\/p>\n<\/div>\n<\/div>\n<\/div>\n<div id=\"\" class=\"brz-css-d-wrapper brz-css-r-wrapper brz-css-commt1 brz-wrapper\">\n<div class=\"brz-spacer brz-css-d-spacer brz-css-1mcgzuh\"><\/div>\n<\/div>\n<div class=\"brz-wrapper-clone brz-flex-xs-wrap brz-css-d-cloneable brz-css-1srm1fq\" data-brz-custom-id=\"vlWG21_rkno1\"><a class=\"brz-a brz-btn brz-css-d-button brz-css-urkdqm brz-css-d-button-bg brz-css-1ie6jmk\" target=\"_blank\" rel=\"noopener noreferrer\" href=\"http:\/\/kaksik.ee\/en\/kasutusvalmis-e-oppematerjal-tellimine\/\" data-brz-link-type=\"external\" data-brz-custom-id=\"w0RyvyN0BUTY\"><span data-brz-translate-text=\"1\" class=\"brz-span brz-text__editor\">ORDER<\/span><\/a><\/div>\n<\/div>\n<\/div>\n<\/div>\n<\/div>\n<\/div>\n<\/div>\n<div class=\"brz-columns brz-css-d-column-column brz-css-t2je1l\" data-brz-custom-id=\"y_31K02bjSaS\">\n<div class=\"brz-bg\">\n<div class=\"brz-bg-color\"><\/div>\n<\/div>\n<div class=\"brz-column__items brz-css-d-column-bg brz-css-asewy2\">\n<div class=\"brz-row__container brz-css-d-row-row brz-css-146fz3t\" data-brz-custom-id=\"jvVfP4oDKlov\">\n<div class=\"brz-row brz-row--inner brz-css-d-row-container brz-css-r-row-container brz-css-1v9rwuq\">\n<div class=\"brz-columns brz-css-d-column-column brz-css-1gl80kj\" data-brz-custom-id=\"p1h2prlOFzW3\">\n<div class=\"brz-bg\"><\/div>\n<div class=\"brz-column__items brz-css-d-column-bg brz-css-1kj2jg9\">\n<div id=\"\" class=\"brz-css-d-wrapper brz-css-1h3wb8m brz-wrapper\">\n<div class=\"brz-rich-text brz-rich-text__custom brz-css-d-richtext brz-css-q028hf\" data-brz-custom-id=\"q7r0S8FG1kfV\">\n<div data-brz-translate-text=\"1\">\n<p class=\"brz-text-lg-center brz-tp-lg-heading5 brz-css-y9tiL\" data-generated-css=\"brz-css-yZyKz\" data-uniq-id=\"ilwon\"><span class=\"brz-cp-color3\" style=\"opacity: 1\">Business ethics<\/span><\/p>\n<\/div>\n<\/div>\n<\/div>\n<div id=\"\" class=\"brz-css-d-wrapper brz-css-iegdx6 brz-wrapper\">\n<div class=\"brz-video brz-custom-video brz-video-on-controls-hidden brz-css-d-video brz-css-num3wq\" data-brz-custom-id=\"ynOt6TCDPZ3E\">\n<div class=\"brz-video-content\" data-loop=\"false\" data-muted=\"true\" data-autoplay=\"off\">\n<div class=\"video-wrapper brz-image-fix-16-9\">\n<div class=\"brz-video__cover\">\n<div class=\"brz-video__cover-icon\"><span class=\"brz-span\"><\/span><\/div>\n<\/div>\n<\/div>\n<div class=\"brz-video-elem\">\n<div class=\"brz-video-custom-video-controls\">\n<div class=\"brz-video-custom-play-pause-btn\"><\/div>\n<div class=\"brz-video-custom-controls\"><span class=\"brz-video-custom-current-time\">0:00<\/span><\/p>\n<div class=\"brz-video-custom-slider\">\n<div class=\"brz-video-custom-progress\"><\/div>\n<\/div>\n<p><span class=\"brz-video-custom-total-time\">0:00<\/span><\/div>\n<div class=\"brz-video-custom-volume\">\n<div class=\"brz-video-custom-fullscreen-btn\"><\/div>\n<div class=\"brz-video-custom-volume-btn\"><\/div>\n<div class=\"brz-video-custom-volume-controls brz-video-custom-slider\">\n<div class=\"brz-video-custom-progress\"><\/div>\n<\/div>\n<\/div>\n<\/div>\n<p><video data-time-start=\"0\" data-time-end=\"0\" class=\"brz-hidden intrinsic-ignore\" preload=\"none\" muted=\"\" data-autoplay=\"off\" src=\"http:\/\/kaksik.ee\/wp-content\/uploads\/2025\/02\/Arieetika_2ik_koolitus_videokoolitus_naide.webm\" playsinline=\"\"><\/video><\/div>\n<\/div>\n<\/div>\n<\/div>\n<div id=\"\" class=\"brz-css-d-wrapper brz-css-1ootlrb brz-wrapper\">\n<div class=\"brz-rich-text brz-rich-text__custom brz-css-d-richtext brz-css-1ggwspr\" data-brz-custom-id=\"jIxAWg1qy1Yq\">\n<div data-brz-translate-text=\"1\">\n<p class=\"brz-tp-lg-paragraph brz-text-lg-center brz-css-pShgb\" data-generated-css=\"brz-css-or0Nj\" data-uniq-id=\"xj3iD\"><strong class=\"brz-cp-color2\" style=\"opacity: 1\">In Estonian and Russian<\/strong><\/p>\n<\/div>\n<\/div>\n<\/div>\n<div id=\"\" class=\"brz-css-d-wrapper brz-css-16xgh95 brz-wrapper\">\n<div class=\"brz-rich-text brz-rich-text__custom brz-css-d-richtext brz-css-c51kkc\" data-brz-custom-id=\"r7tWfi2K2iU0\">\n<div data-brz-translate-text=\"1\">\n<ul>\n<li class=\"brz-text-lg-justify brz-fsft-lg-0 brz-fwdth-lg-100 brz-vfw-lg-400 brz-lh-lg-1_9 brz-ls-lg-0 brz-fw-lg-400 brz-fss-lg-px brz-fs-lg-16 brz-ft-google brz-ff-oxygen brz-tp-lg-empty brz-bcp-color7 brz-css-d7Y9Y\" data-uniq-id=\"p2oCM\" data-generated-css=\"brz-css-kovGU\" style=\"opacity: 1\"><span class=\"brz-cp-color7\" style=\"opacity: 1\">Overview of business ethics<\/span><\/li>\n<li class=\"brz-text-lg-justify brz-fsft-lg-0 brz-fwdth-lg-100 brz-vfw-lg-400 brz-lh-lg-1_9 brz-ls-lg-0 brz-fw-lg-400 brz-fss-lg-px brz-fs-lg-16 brz-ft-google brz-ff-oxygen brz-tp-lg-empty brz-bcp-color7 brz-css-rBdyi\" data-uniq-id=\"y__37\" data-generated-css=\"brz-css-aIEIP\" style=\"opacity: 1\"><span class=\"brz-cp-color7\" style=\"opacity: 1\">The purpose of business ethics<\/span><\/li>\n<li class=\"brz-text-lg-justify brz-fsft-lg-0 brz-fwdth-lg-100 brz-vfw-lg-400 brz-lh-lg-1_9 brz-ls-lg-0 brz-fw-lg-400 brz-fss-lg-px brz-fs-lg-16 brz-ft-google brz-ff-oxygen brz-tp-lg-empty brz-bcp-color7 brz-css-zh4aU\" data-uniq-id=\"z82Dy\" data-generated-css=\"brz-css-dgkxk\" style=\"opacity: 1\"><span class=\"brz-cp-color7\" style=\"opacity: 1\">Principles of business ethics<\/span><\/li>\n<li class=\"brz-text-lg-justify brz-fsft-lg-0 brz-fwdth-lg-100 brz-vfw-lg-400 brz-lh-lg-1_9 brz-ls-lg-0 brz-fw-lg-400 brz-fss-lg-px brz-fs-lg-16 brz-ft-google brz-ff-oxygen brz-tp-lg-empty brz-bcp-color7 brz-css-mTvhS\" data-uniq-id=\"bnI1E\" data-generated-css=\"brz-css-uQUcW\" style=\"opacity: 1\"><span class=\"brz-cp-color7\" style=\"opacity: 1\">The importance of adhering to principles<\/span><\/li>\n<li class=\"brz-text-lg-justify brz-fsft-lg-0 brz-fwdth-lg-100 brz-vfw-lg-400 brz-lh-lg-1_9 brz-ls-lg-0 brz-fw-lg-400 brz-fss-lg-px brz-fs-lg-16 brz-ft-google brz-ff-oxygen brz-tp-lg-empty brz-bcp-color7 brz-css-wiLNi\" data-uniq-id=\"dDfux\" data-generated-css=\"brz-css-ctOV3\" style=\"opacity: 1\"><span class=\"brz-cp-color7\" style=\"opacity: 1\">Gifts and benefits<\/span><\/li>\n<li class=\"brz-text-lg-justify brz-fsft-lg-0 brz-fwdth-lg-100 brz-vfw-lg-400 brz-lh-lg-1_9 brz-ls-lg-0 brz-fw-lg-400 brz-fss-lg-px brz-fs-lg-16 brz-ft-google brz-ff-oxygen brz-tp-lg-empty brz-bcp-color7 brz-css-ydhhK\" data-uniq-id=\"o2wHE\" data-generated-css=\"brz-css-mkY1U\" style=\"opacity: 1\"><span class=\"brz-cp-color7\" style=\"opacity: 1\">Bribery<\/span><\/li>\n<li class=\"brz-text-lg-justify brz-fsft-lg-0 brz-fwdth-lg-100 brz-vfw-lg-400 brz-lh-lg-1_9 brz-ls-lg-0 brz-fw-lg-400 brz-fss-lg-px brz-fs-lg-16 brz-ft-google brz-ff-oxygen brz-tp-lg-empty brz-bcp-color7 brz-css-ai5Qc\" data-uniq-id=\"ekfhv\" data-generated-css=\"brz-css-vvy_P\" style=\"opacity: 1\"><span class=\"brz-cp-color7\" style=\"opacity: 1\">Corruption<\/span><\/li>\n<li class=\"brz-text-lg-justify brz-fsft-lg-0 brz-fwdth-lg-100 brz-vfw-lg-400 brz-lh-lg-1_9 brz-ls-lg-0 brz-fw-lg-400 brz-fss-lg-px brz-fs-lg-16 brz-ft-google brz-ff-oxygen brz-tp-lg-empty brz-bcp-color7 brz-css-qgZ7n\" data-uniq-id=\"hQfJ5\" data-generated-css=\"brz-css-jW8qg\" style=\"opacity: 1\"><span class=\"brz-cp-color7\" style=\"opacity: 1\">Rules of conduct and practical cases <\/span><\/li>\n<\/ul>\n<p data-uniq-id=\"wxQqN\" class=\"brz-bcp-color7 brz-text-lg-justify brz-fsft-lg-0 brz-fwdth-lg-100 brz-vfw-lg-400 brz-lh-lg-1_9 brz-ls-lg-0 brz-fw-lg-400 brz-fss-lg-px brz-fs-lg-16 brz-ft-google brz-ff-oxygen brz-tp-lg-empty brz-css-uJKBn\" data-generated-css=\"brz-css-o71Zr\" style=\"opacity: 1\"><span class=\"brz-cp-color7\" style=\"opacity: 1\"> <\/span><\/p>\n<p data-uniq-id=\"xNqyR\" data-generated-css=\"brz-css-bgJLf\" class=\"brz-text-lg-justify brz-fsft-lg-0 brz-fwdth-lg-100 brz-vfw-lg-400 brz-lh-lg-1_9 brz-ls-lg-0 brz-fw-lg-400 brz-fss-lg-px brz-fs-lg-16 brz-ft-google brz-ff-oxygen brz-tp-lg-empty brz-bcp-color7 brz-css-fTcWX\"><span class=\"brz-cp-color7\" style=\"opacity: 1\">Format: .MP4 (can be adapted to SCORM \/ xAPI) <\/span><\/p>\n<\/div>\n<\/div>\n<\/div>\n<div id=\"\" class=\"brz-css-d-wrapper brz-css-op8w0f brz-wrapper\">\n<div class=\"brz-rich-text brz-rich-text__custom brz-css-d-richtext brz-css-9n5qym\" data-brz-custom-id=\"aW3FxQh2WP0y\">\n<div data-brz-translate-text=\"1\">\n<p class=\"brz-tp-lg-paragraph brz-text-lg-center brz-css-nUTS8\" data-uniq-id=\"n75LT\" data-generated-css=\"brz-css-cbQtZ\"><strong class=\"brz-cp-color7\">PRICE: 25+VAT<\/strong><\/p>\n<\/div>\n<\/div>\n<\/div>\n<div id=\"\" class=\"brz-css-d-wrapper brz-css-r-wrapper brz-css-1m2oeuz brz-wrapper\">\n<div class=\"brz-spacer brz-css-d-spacer brz-css-1iv38if\"><\/div>\n<\/div>\n<div class=\"brz-wrapper-clone brz-flex-xs-wrap brz-css-d-cloneable brz-css-bxxgmt\" data-brz-custom-id=\"pX1K82c_YEIa\"><a class=\"brz-a brz-btn brz-css-d-button brz-css-hs2gew brz-css-d-button-bg brz-css-7xko7x\" target=\"_blank\" rel=\"noopener noreferrer\" href=\"http:\/\/kaksik.ee\/en\/kasutusvalmis-e-oppematerjal-tellimine\/\" data-brz-link-type=\"external\" data-brz-custom-id=\"n2DHtNfoYkPb\"><span data-brz-translate-text=\"1\" class=\"brz-span brz-text__editor\">ORDER<\/span><\/a><\/div>\n<\/div>\n<\/div>\n<\/div>\n<\/div>\n<\/div>\n<\/div>\n<\/div>\n<\/div>\n<div id=\"\" class=\"brz-css-d-wrapper brz-css-r-wrapper brz-css-1omfvn3 brz-wrapper\">\n<div class=\"brz-spacer brz-css-d-spacer brz-css-vpbjsd\"><\/div>\n<\/div>\n<\/div>\n<\/div>\n<\/section><\/div>\n<p><!-- version:1770549125 --><\/p>","protected":false},"excerpt":{"rendered":"<p>Kasutusvalmis e-\u00f5ppematerjal Kasutusvalmis e-\u00f5ppematerjal (videokoolitus) on kulus\u00e4\u00e4stlik ja kiire viis t\u00f6\u00f6tajate koolitamiseks. Kasutamiseks nii organisatsiooni olemasolevas \u00f5pihalduss\u00fcsteemis kui ka eraldiseisvalt. Koolitused on v\u00f5imalik lokaliseerida ka teistesse keeltesse v\u00f5i kohandada nende sisu. V\u00e4ljatoodud hinnad kehtivad 1 vaatajakoha kohta. Soovid rohkem vaatajakohti? V\u00f5ta \u00fchendust pakkumise saamiseks: stanislav@kaksik.ee Koolitusvideod T\u00f6\u00f6v\u00e4givald, kiusamine ja diskrimineerimine 0:00 0:00 Eesti ja vene [&hellip;]<\/p>\n","protected":false},"author":1,"featured_media":0,"parent":0,"menu_order":0,"comment_status":"closed","ping_status":"closed","template":"brizy-blank-template.php","meta":{"_monsterinsights_skip_tracking":false,"_monsterinsights_sitenote_active":false,"_monsterinsights_sitenote_note":"","_monsterinsights_sitenote_category":0,"footnotes":""},"class_list":["post-1151","page","type-page","status-publish","hentry"],"aioseo_notices":[],"brizy_media":[{"id":1209,"url":"https:\/\/kaksik.ee\/wp-content\/uploads\/2025\/02\/Toovagivald_2ik_koolitus_videokoolitus_naide.jpg","name":"Toovagivald_2ik_koolitus_videokoolitus_naide.jpg","meta":{"brizy_attachment_uid":"wp-44b34f081033a60b4d6aeda6a7a77b9a.jpg","brizy_post_uid":["9fa58cdf0d605c80cccca47a219895ef"]}},{"id":1211,"url":"https:\/\/kaksik.ee\/wp-content\/uploads\/2025\/02\/Arieetika_2ik_koolitus_videokoolitus_naide.jpg","name":"Arieetika_2ik_koolitus_videokoolitus_naide.jpg","meta":{"brizy_attachment_uid":"wp-6fcb24d5ef3593065887b12eca5b7619.jpg","brizy_post_uid":["9fa58cdf0d605c80cccca47a219895ef"]}}],"_links":{"self":[{"href":"https:\/\/kaksik.ee\/en\/wp-json\/wp\/v2\/pages\/1151","targetHints":{"allow":["GET"]}}],"collection":[{"href":"https:\/\/kaksik.ee\/en\/wp-json\/wp\/v2\/pages"}],"about":[{"href":"https:\/\/kaksik.ee\/en\/wp-json\/wp\/v2\/types\/page"}],"author":[{"embeddable":true,"href":"https:\/\/kaksik.ee\/en\/wp-json\/wp\/v2\/users\/1"}],"replies":[{"embeddable":true,"href":"https:\/\/kaksik.ee\/en\/wp-json\/wp\/v2\/comments?post=1151"}],"version-history":[{"count":5,"href":"https:\/\/kaksik.ee\/en\/wp-json\/wp\/v2\/pages\/1151\/revisions"}],"predecessor-version":[{"id":1715,"href":"https:\/\/kaksik.ee\/en\/wp-json\/wp\/v2\/pages\/1151\/revisions\/1715"}],"wp:attachment":[{"href":"https:\/\/kaksik.ee\/en\/wp-json\/wp\/v2\/media?parent=1151"}],"curies":[{"name":"wp","href":"https:\/\/api.w.org\/{rel}","templated":true}]}}