{"id":1718,"date":"2026-02-08T13:22:30","date_gmt":"2026-02-08T11:22:30","guid":{"rendered":"http:\/\/kaksik.ee\/?page_id=1718"},"modified":"2026-05-06T02:36:50","modified_gmt":"2026-05-05T23:36:50","slug":"e-oppematerjalide-loomine","status":"publish","type":"page","link":"https:\/\/kaksik.ee\/en\/e-oppematerjalide-loomine\/","title":{"rendered":"CREATION OF E-LEARNING MATERIALS"},"content":{"rendered":"<div class=\"brz brz-root__container brz-reset-all brz-root__container-page\">\n<section id=\"olemas\" data-brz-id=\"ktos1GeUwgg8_ktos1GeUwgg8\" class=\"brz-section brz-css-d-section brz-css-1iu6z0h\">\n<div class=\"brz-section__content brz-section--boxed brz-css-d-sectionitem-bg brz-css-ky9g4v\" data-brz-custom-id=\"vpVQvQGgTGvl\">\n<div class=\"brz-bg\">\n<div class=\"brz-bg-image\"><\/div>\n<div class=\"brz-bg-color\"><\/div>\n<\/div>\n<div class=\"brz-container brz-css-d-sectionitem-container brz-css-15rxvdg\">\n<div class=\"brz-row__container brz-css-d-row-row brz-css-o5u5d\" data-brz-custom-id=\"itGKqgxUhKWR\">\n<div class=\"brz-row brz-css-d-row-container brz-css-h6zs8y\">\n<div class=\"brz-columns brz-css-d-column-column brz-css-1r8or8n\" data-brz-custom-id=\"wp29b5sK0MeB\">\n<div class=\"brz-column__items brz-css-d-column-bg brz-css-qptj9p\">\n<div id=\"\" class=\"brz-css-d-wrapper brz-css-1gq7c4p brz-wrapper\">\n<div class=\"brz-rich-text brz-rich-text__custom brz-css-d-richtext brz-css-1bqeoog\" data-brz-custom-id=\"vZwq59loHVpR\">\n<div data-brz-translate-text=\"1\">\n<h1 class=\"brz-text-xs-center brz-text-lg-center brz-tp-lg-empty brz-ff-playfair_display brz-ft-google brz-fs-lg-46 brz-fss-lg-px brz-fw-lg-400 brz-ls-lg-m_1_5 brz-lh-lg-1_3 brz-vfw-lg-400 brz-fwdth-lg-100 brz-fsft-lg-0 brz-tp-xs-heading1 brz-css-xWA07\" data-uniq-id=\"k6Q1B\" data-generated-css=\"brz-css-oUO5B\"><span class=\"brz-cp-color7\">CREATION OF E-LEARNING MATERIALS<\/span><\/h1>\n<\/div>\n<\/div>\n<\/div>\n<\/div>\n<\/div>\n<\/div>\n<\/div>\n<div id=\"\" class=\"brz-css-d-wrapper brz-css-omnhsc brz-wrapper\">\n<div class=\"brz-rich-text brz-rich-text__custom brz-css-d-richtext brz-css-1eu1f9b\" data-brz-custom-id=\"fUBuAUtbW5bJ\">\n<div data-brz-translate-text=\"1\">\n<p class=\"brz-tp-lg-paragraph brz-text-lg-center brz-css-uyMN9\" data-generated-css=\"brz-css-wzD3R\" data-uniq-id=\"vAQCD\"><span class=\"brz-cp-color7\">Creating e-learning materials is a time-consuming and expert process \u2014 especially if you want the content to be clear, visually strong, and truly engaging for your employees. I help you save time and ensure quality by creating professional e-learning materials that support learning and make training effective.<\/span><\/p>\n<\/div>\n<\/div>\n<\/div>\n<div id=\"\" class=\"brz-css-d-wrapper brz-css-r-wrapper brz-css-71mcqs brz-wrapper\">\n<div class=\"brz-spacer brz-css-d-spacer brz-css-1aje2fs\"><\/div>\n<\/div>\n<div id=\"\" class=\"brz-css-d-wrapper brz-css-en5ajv brz-wrapper\">\n<div data-brz-trigger=\"hover\" data-brz-transition=\"flip\" class=\"brz-flipbox brz-flipbox-flip brz-flipbox-hover brz-css-d-flipbox brz-css-k16fmp\">\n<div class=\"brz-flipbox-content brz-flipbox-content-flip brz-flipbox-content-flip-left brz-flipbox-disable-front\">\n<div class=\"brz-flipbox-item brz-flipbox-item-front\">\n<div class=\"brz-bg\">\n<div class=\"brz-bg-color\"><\/div>\n<\/div>\n<div id=\"\" class=\"brz-css-d-wrapper brz-css-1o6xpx3 brz-wrapper\">\n<div class=\"brz-rich-text brz-rich-text__custom brz-css-d-richtext brz-css-1r0oy81\" data-brz-custom-id=\"fKvbGxh2_RXX\">\n<div data-brz-translate-text=\"1\">\n<h3 class=\"brz-tp-lg-heading3 brz-fsft-lg-0 brz-fwdth-lg-100 brz-vfw-lg-400 brz-lh-lg-1_4 brz-ls-lg-m_1_5 brz-fw-lg-400 brz-fss-lg-px brz-fs-lg-28 brz-ft-google brz-ff-playfair_display brz-text-lg-center brz-css-kV9XY\" data-uniq-id=\"rdznN\" data-generated-css=\"brz-css-itWQV\"><span class=\"brz-cp-color7\">You have the training content, you just need an e-learning material creator<\/span><\/h3>\n<\/div>\n<\/div>\n<\/div>\n<div id=\"\" class=\"brz-css-d-wrapper brz-css-qj2qpr brz-wrapper\">\n<div class=\"brz-image brz-css-d-image-uxri1mkumxd9-parent brz-css-1wzku0q\" data-brz-custom-id=\"uXRI1mkUMXD9\"><img decoding=\"async\" class=\"brz-img\" src=\"https:\/\/kaksik.ee\/wp-content\/uploads\/2026\/02\/ikoonid_doc_ppt_pdf_kaksik.ee_.png\" loading=\"lazy\" alt=\"E-\u00f5ppe lahendused ettev\u00f5tetele | Kaksik O\u00dc\" title=\"ikoonid_doc_ppt_pdf_kaksik.ee\"><\/div>\n<\/div>\n<div id=\"\" class=\"brz-css-d-wrapper brz-css-ghbcg0 brz-wrapper\">\n<div class=\"brz-rich-text brz-rich-text__custom brz-css-d-richtext brz-css-1kpf5hv\" data-brz-custom-id=\"a_182iGsqtEC\">\n<div data-brz-translate-text=\"1\">\n<p class=\"brz-text-lg-center brz-ff-playfair_display brz-ft-google brz-fs-lg-28 brz-fss-lg-px brz-fw-lg-400 brz-ls-lg-m_1_5 brz-lh-lg-1_4 brz-vfw-lg-400 brz-fwdth-lg-100 brz-fsft-lg-0 brz-tp-lg-paragraph brz-css-f1ULz\" data-uniq-id=\"eCQBO\" data-generated-css=\"brz-css-d59i2\"><span class=\"brz-cp-color7\" style=\"opacity: 1\">(PowerPoint, Word, PDF or any other format)<\/span><\/p>\n<\/div>\n<\/div>\n<\/div>\n<div class=\"brz-wrapper-clone brz-flex-xs-wrap brz-css-d-cloneable brz-css-11e03zv\" data-brz-custom-id=\"bvhLrXbLJBwq\"><a class=\"brz-a brz-btn brz-css-d-button brz-css-s4jrua brz-css-d-button-bg brz-css-czd2o0\" target=\"_self\" rel=\"noopener\" data-brz-link-type=\"page\" data-brz-custom-id=\"a0UliYJaFmXn\"><span data-brz-translate-text=\"1\" class=\"brz-span brz-text__editor\">TURN CARD<\/span><\/a><\/div>\n<\/div>\n<div class=\"brz-flipbox-item brz-flipbox-item-back brz-flipbox-flip-left\">\n<div class=\"brz-bg\">\n<div class=\"brz-bg-color\"><\/div>\n<\/div>\n<div id=\"\" class=\"brz-css-d-wrapper brz-css-x1zf90 brz-wrapper\">\n<div class=\"brz-rich-text brz-rich-text__custom brz-css-d-richtext brz-css-8jkphc\" data-brz-custom-id=\"aLr6OjRoh73M\">\n<div data-brz-translate-text=\"1\">\n<p class=\"brz-tp-lg-paragraph brz-text-lg-center brz-css-mh52x\" data-uniq-id=\"nS2xK\" data-generated-css=\"brz-css-f2YJD\"><span class=\"brz-cp-color7\" style=\"opacity: 1\">I create <\/span><span class=\"brz-cp-color7\" style=\"opacity: 1\">an engaging e-learning material with video, illustrations, text, interactive blocks, test questions that reinforce knowledge, or other elements <\/span><\/p>\n<p class=\"brz-tp-lg-paragraph brz-text-lg-center brz-css-qS6yu\" data-uniq-id=\"vM7Ur\" data-generated-css=\"brz-css-asWT6\"><span class=\"brz-cp-color7\" style=\"opacity: 1\">by using existing training input. <\/span><\/p>\n<p class=\"brz-tp-lg-paragraph brz-text-lg-center brz-css-doRt3\" data-uniq-id=\"pO1D_\" data-generated-css=\"brz-css-aJq62\"><\/p>\n<ul>\n<li class=\"brz-tp-lg-paragraph brz-text-lg-center brz-css-vx9ZD\" data-uniq-id=\"pNO7r\" data-generated-css=\"brz-css-r3u3h\">Trainings are available in the form of an xAPI or SCORM package as well as video training (.MP4 file). <\/li>\n<li class=\"brz-tp-lg-paragraph brz-text-lg-center brz-css-hYUok\" data-uniq-id=\"jcC6K\" data-generated-css=\"brz-css-b9DyX\">I can create the training directly in the client's learning management system (LMS) or as a separate file.<\/li>\n<li data-uniq-id=\"l1lOp\" data-generated-css=\"brz-css-r4dw1\" class=\"brz-tp-lg-paragraph brz-text-lg-center brz-css-x0eX9\"> The work will be completed within an average of 3 weeks.<\/li>\n<\/ul>\n<\/div>\n<\/div>\n<\/div>\n<div id=\"\" class=\"brz-css-d-wrapper brz-css-r-wrapper brz-css-nba8ta brz-wrapper\">\n<div class=\"brz-spacer brz-css-d-spacer brz-css-1kwam2u\"><\/div>\n<\/div>\n<div class=\"brz-wrapper-clone brz-flex-xs-wrap brz-css-d-cloneable brz-css-jkox62\" data-brz-custom-id=\"geZWh4_ApN6o\"><a class=\"brz-a brz-btn brz-css-d-button brz-css-4xinv4 brz-css-d-button-bg brz-css-6c4p96\" target=\"_self\" rel=\"noopener\" href=\"https:\/\/kaksik.ee\/en\/e-oppematerjali-loomise-hind\/\" data-brz-link-type=\"external\" data-brz-custom-id=\"qNcJj1YQehLu\"><span data-brz-translate-text=\"1\" class=\"brz-span brz-text__editor\">ARVUTA HIND<\/span><\/a><\/div>\n<\/div>\n<\/div>\n<\/div>\n<\/div>\n<div id=\"\" class=\"brz-css-d-wrapper brz-css-r-wrapper brz-css-1qesveu brz-wrapper\">\n<div class=\"brz-spacer brz-css-d-spacer brz-css-1wzj6x2\"><\/div>\n<\/div>\n<div id=\"\" class=\"brz-css-d-wrapper brz-css-pca758 brz-wrapper\">\n<div data-brz-trigger=\"hover\" data-brz-transition=\"flip\" class=\"brz-flipbox brz-flipbox-flip brz-flipbox-hover brz-css-d-flipbox brz-css-kemadb\">\n<div class=\"brz-flipbox-content brz-flipbox-content-flip brz-flipbox-content-flip-left brz-flipbox-disable-front\">\n<div class=\"brz-flipbox-item brz-flipbox-item-front\">\n<div class=\"brz-bg\">\n<div class=\"brz-bg-color\"><\/div>\n<\/div>\n<div id=\"\" class=\"brz-css-d-wrapper brz-css-sc5yvy brz-wrapper\">\n<div class=\"brz-rich-text brz-rich-text__custom brz-css-d-richtext brz-css-12kycrj\" data-brz-custom-id=\"bbH8t1mz2oKe\">\n<div data-brz-translate-text=\"1\">\n<h3 class=\"brz-tp-lg-heading3 brz-fsft-lg-0 brz-fwdth-lg-100 brz-vfw-lg-400 brz-lh-lg-1_4 brz-ls-lg-m_1_5 brz-fw-lg-400 brz-fss-lg-px brz-fs-lg-28 brz-ft-google brz-ff-playfair_display brz-text-lg-center brz-css-dGtLH\" data-uniq-id=\"ueTb7\" data-generated-css=\"brz-css-tuklh\"><span class=\"brz-cp-color7\">There is a need for training, you need a content and e-learning material creator<\/span><\/h3>\n<\/div>\n<\/div>\n<\/div>\n<div id=\"\" class=\"brz-css-d-wrapper brz-css-1ggxegl brz-wrapper\">\n<div class=\"brz-image brz-css-d-image-qj5bwmmoggnm-parent brz-css-dy1m87\" data-brz-custom-id=\"qj5bwMmOgGNM\"><img decoding=\"async\" class=\"brz-img\" src=\"https:\/\/kaksik.ee\/wp-content\/uploads\/2026\/02\/ikoon_teema_kaksik.ee_.png\" loading=\"lazy\" alt=\"E-\u00f5ppe lahendused ettev\u00f5tetele | Kaksik O\u00dc\" title=\"ikoon_teema_kaksik.ee\"><\/div>\n<\/div>\n<div class=\"brz-wrapper-clone brz-flex-xs-wrap brz-css-d-cloneable brz-css-94z9h8\" data-brz-custom-id=\"dxPtFqpm0Z07\"><a class=\"brz-a brz-btn brz-css-d-button brz-css-80gg79 brz-css-d-button-bg brz-css-yxlny6\" target=\"_self\" rel=\"noopener\" data-brz-link-type=\"page\" data-brz-custom-id=\"j4RKtuYhepHU\"><span data-brz-translate-text=\"1\" class=\"brz-span brz-text__editor\">TURN CARD<\/span><\/a><\/div>\n<\/div>\n<div class=\"brz-flipbox-item brz-flipbox-item-back brz-flipbox-flip-left\">\n<div class=\"brz-bg\">\n<div class=\"brz-bg-color\"><\/div>\n<\/div>\n<div id=\"\" class=\"brz-css-d-wrapper brz-css-9oa412 brz-wrapper\">\n<div class=\"brz-rich-text brz-rich-text__custom brz-css-d-richtext brz-css-10f2wn\" data-brz-custom-id=\"c7ENdAKCmm46\">\n<div data-brz-translate-text=\"1\">\n<p class=\"brz-tp-lg-paragraph brz-text-lg-center brz-css-kuesE\" data-uniq-id=\"mQMr8\" data-generated-css=\"brz-css-a0xnb\"><span class=\"brz-cp-color7\" style=\"opacity: 1\">I create the training content (involving external experts if necessary) and formalize it <\/span><span class=\"brz-cp-color7\" style=\"opacity: 1\">into an engaging e-learning material with video, illustrations, text, interactive blocks, test questions that reinforce knowledge, or other elements <\/span><\/p>\n<p class=\"brz-tp-lg-paragraph brz-text-lg-center brz-css-i5dxk\" data-uniq-id=\"hQSV0\" data-generated-css=\"brz-css-mKJKo\"><\/p>\n<ul>\n<li class=\"brz-tp-lg-paragraph brz-text-lg-center brz-css-lGxMf\" data-uniq-id=\"k4EXA\" data-generated-css=\"brz-css-dQI_f\">Trainings are available in the form of an xAPI or SCORM package as well as video training (.MP4 file).<\/li>\n<li class=\"brz-tp-lg-paragraph brz-text-lg-center brz-css-gAdkH\" data-uniq-id=\"uHu4Z\" data-generated-css=\"brz-css-isqRq\">I can create the training directly in the client's learning management system (LMS) or as a separate file.<\/li>\n<li class=\"brz-tp-lg-paragraph brz-text-lg-center brz-css-fNv0T\" data-uniq-id=\"a4JiK\" data-generated-css=\"brz-css-bnUSm\">The work will be completed within an average of 4 weeks.<\/li>\n<\/ul>\n<\/div>\n<\/div>\n<\/div>\n<div id=\"\" class=\"brz-css-d-wrapper brz-css-r-wrapper brz-css-1yn2q41 brz-wrapper\">\n<div class=\"brz-spacer brz-css-d-spacer brz-css-161kqls\"><\/div>\n<\/div>\n<div class=\"brz-wrapper-clone brz-flex-xs-wrap brz-css-d-cloneable brz-css-x045hu\" data-brz-custom-id=\"rroYZ2znqzsF\"><a class=\"brz-a brz-btn brz-css-d-button brz-css-ou35tv brz-css-d-button-bg brz-css-11suwpt\" target=\"_self\" rel=\"noopener\" href=\"https:\/\/kaksik.ee\/en\/e-oppematerjali-loomise-hind\/\" data-brz-link-type=\"external\" data-brz-custom-id=\"apk87Irx10e4\"><span data-brz-translate-text=\"1\" class=\"brz-span brz-text__editor\">ARVUTA HIND<\/span><\/a><\/div>\n<\/div>\n<\/div>\n<\/div>\n<\/div>\n<\/div>\n<\/div>\n<\/section><\/div>\n<p><!-- version:1773335722 --><\/p>","protected":false},"excerpt":{"rendered":"<p>E-\u00d5PPEMATERJALIDE LOOMINE E-\u00f5ppematerjalide loomine on ajamahukas ja eriteadmisi n\u00f5udev protsess \u2014 eriti siis, kui soovid, et sisu oleks selge, visuaalselt tugev ja t\u00f6\u00f6tajatele p\u00e4riselt omandatav. Aitan sul s\u00e4\u00e4sta aega ja tagada kvaliteedi, luues professionaalsed e-\u00f5ppematerjalid, mis toetavad \u00f5ppimist ja muudavad koolitamise t\u00f5husaks. Koolituse sisu on olemas, vajad e-\u00f5ppematerjali koostajat (PowerPoint, Word, PDF v\u00f5i m\u00f5nel muul [&hellip;]<\/p>\n","protected":false},"author":1,"featured_media":0,"parent":0,"menu_order":0,"comment_status":"closed","ping_status":"closed","template":"brizy-blank-template.php","meta":{"_monsterinsights_skip_tracking":false,"_monsterinsights_sitenote_active":false,"_monsterinsights_sitenote_note":"","_monsterinsights_sitenote_category":0,"footnotes":""},"class_list":["post-1718","page","type-page","status-publish","hentry"],"aioseo_notices":[],"brizy_media":[{"id":1737,"url":"https:\/\/kaksik.ee\/wp-content\/uploads\/2026\/02\/ikoonid_doc_ppt_pdf_kaksik.ee_.png","name":"ikoonid_doc_ppt_pdf_kaksik.ee_.png","meta":{"brizy_attachment_uid":"wp-f13efb58f289bb40f5f8aea7fe98a90a.png","brizy_post_uid":["f9dca14adfc6961004ee439b2960c86a"]}},{"id":1740,"url":"https:\/\/kaksik.ee\/wp-content\/uploads\/2026\/02\/ikoon_teema_kaksik.ee_.png","name":"ikoon_teema_kaksik.ee_.png","meta":{"brizy_attachment_uid":"wp-7004e4f9d92ee54fce66d85721e0ce3c.png","brizy_post_uid":["f9dca14adfc6961004ee439b2960c86a"]}}],"_links":{"self":[{"href":"https:\/\/kaksik.ee\/en\/wp-json\/wp\/v2\/pages\/1718","targetHints":{"allow":["GET"]}}],"collection":[{"href":"https:\/\/kaksik.ee\/en\/wp-json\/wp\/v2\/pages"}],"about":[{"href":"https:\/\/kaksik.ee\/en\/wp-json\/wp\/v2\/types\/page"}],"author":[{"embeddable":true,"href":"https:\/\/kaksik.ee\/en\/wp-json\/wp\/v2\/users\/1"}],"replies":[{"embeddable":true,"href":"https:\/\/kaksik.ee\/en\/wp-json\/wp\/v2\/comments?post=1718"}],"version-history":[{"count":5,"href":"https:\/\/kaksik.ee\/en\/wp-json\/wp\/v2\/pages\/1718\/revisions"}],"predecessor-version":[{"id":2175,"href":"https:\/\/kaksik.ee\/en\/wp-json\/wp\/v2\/pages\/1718\/revisions\/2175"}],"wp:attachment":[{"href":"https:\/\/kaksik.ee\/en\/wp-json\/wp\/v2\/media?parent=1718"}],"curies":[{"name":"wp","href":"https:\/\/api.w.org\/{rel}","templated":true}]}}